{"id":855,"date":"2022-10-05T17:02:36","date_gmt":"2022-10-05T17:02:36","guid":{"rendered":"https:\/\/yt-p.ca\/sample-page\/"},"modified":"2023-05-29T17:21:28","modified_gmt":"2023-05-29T17:21:28","slug":"sample-page","status":"publish","type":"page","link":"https:\/\/yt-p.ca\/fr\/","title":{"rendered":"Page d\u2019accueil"},"content":{"rendered":"<p><div class=\"fusion-fullwidth fullwidth-box fusion-builder-row-1 fusion-flex-container has-pattern-background has-mask-background nonhundred-percent-fullwidth non-hundred-percent-height-scrolling\" style=\"--awb-border-radius-top-left:0px;--awb-border-radius-top-right:0px;--awb-border-radius-bottom-right:0px;--awb-border-radius-bottom-left:0px;--awb-padding-top:60px;--awb-padding-bottom:80px;--awb-background-color:var(--awb-color5);--awb-flex-wrap:wrap;\" ><div class=\"fusion-builder-row fusion-row fusion-flex-align-items-flex-start fusion-flex-content-wrap\" style=\"max-width:1248px;margin-left: calc(-4% \/ 2 );margin-right: calc(-4% \/ 2 );\"><div class=\"fusion-layout-column fusion_builder_column fusion-builder-column-0 fusion_builder_column_1_1 1_1 fusion-flex-column\" style=\"--awb-bg-size:cover;--awb-width-large:100%;--awb-margin-top-large:0px;--awb-spacing-right-large:1.92%;--awb-margin-bottom-large:40px;--awb-spacing-left-large:1.92%;--awb-width-medium:100%;--awb-order-medium:0;--awb-spacing-right-medium:1.92%;--awb-spacing-left-medium:1.92%;--awb-width-small:100%;--awb-order-small:0;--awb-spacing-right-small:1.92%;--awb-spacing-left-small:1.92%;\"><div class=\"fusion-column-wrapper fusion-column-has-shadow fusion-flex-justify-content-flex-start fusion-content-layout-column\"><div class=\"fusion-title title fusion-title-1 fusion-sep-none fusion-title-center fusion-title-text fusion-title-size-one fusion-animated\" style=\"--awb-text-color:var(--awb-color1);--awb-margin-top:60px;--awb-margin-bottom:40px;--awb-margin-top-small:40px;--awb-margin-bottom-small:40px;\" data-animationType=\"fadeInLeft\" data-animationDuration=\"0.5\" data-animationOffset=\"top-into-view\"><h1 class=\"fusion-title-heading title-heading-center fusion-responsive-typography-calculated\" style=\"margin:0;--fontSize:60;line-height:1.2;\">Tu es un.e jeune qui cherche du soutien dans la vie en g\u00e9n\u00e9ral et\/ou \u00e0 l\u2019\u00e9cole? Tu es au bon endroit!<\/h1><\/div><div class=\"fusion-image-element \" style=\"text-align:center;--awb-max-width:300px;--awb-caption-title-font-family:var(--h2_typography-font-family);--awb-caption-title-font-weight:var(--h2_typography-font-weight);--awb-caption-title-font-style:var(--h2_typography-font-style);--awb-caption-title-size:var(--h2_typography-font-size);--awb-caption-title-transform:var(--h2_typography-text-transform);--awb-caption-title-line-height:var(--h2_typography-line-height);--awb-caption-title-letter-spacing:var(--h2_typography-letter-spacing);\"><span class=\" fusion-imageframe imageframe-none imageframe-1 hover-type-none fusion-animated\" data-animationType=\"fadeInLeft\" data-animationDuration=\"0.4\" data-animationOffset=\"top-into-view\"><img decoding=\"async\" width=\"966\" height=\"404\" alt=\"Pirouette\" title=\"Pirouette\" src=\"https:\/\/yt-p.ca\/wp-content\/uploads\/2023\/05\/Pirouette_Gradient_tag.jpg\" class=\"img-responsive wp-image-985\" srcset=\"https:\/\/yt-p.ca\/wp-content\/uploads\/2023\/05\/Pirouette_Gradient_tag-200x84.jpg 200w, https:\/\/yt-p.ca\/wp-content\/uploads\/2023\/05\/Pirouette_Gradient_tag-400x167.jpg 400w, https:\/\/yt-p.ca\/wp-content\/uploads\/2023\/05\/Pirouette_Gradient_tag-600x251.jpg 600w, https:\/\/yt-p.ca\/wp-content\/uploads\/2023\/05\/Pirouette_Gradient_tag-800x335.jpg 800w, https:\/\/yt-p.ca\/wp-content\/uploads\/2023\/05\/Pirouette_Gradient_tag.jpg 966w\" sizes=\"(max-width: 640px) 100vw, 966px\" \/><\/span><\/div><\/div><\/div><div class=\"fusion-layout-column fusion_builder_column fusion-builder-column-1 fusion_builder_column_1_2 1_2 fusion-flex-column fusion-flex-align-self-stretch fusion-animated\" style=\"--awb-padding-top:40px;--awb-padding-right:40px;--awb-padding-bottom:40px;--awb-padding-left:40px;--awb-overflow:hidden;--awb-bg-color:var(--awb-color1);--awb-bg-color-hover:var(--awb-color1);--awb-bg-size:cover;--awb-border-radius:15px 15px 15px 15px;--awb-width-large:50%;--awb-margin-top-large:0px;--awb-spacing-right-large:3.84%;--awb-margin-bottom-large:40px;--awb-spacing-left-large:3.84%;--awb-width-medium:100%;--awb-order-medium:0;--awb-spacing-right-medium:1.92%;--awb-spacing-left-medium:1.92%;--awb-width-small:100%;--awb-order-small:0;--awb-spacing-right-small:1.92%;--awb-spacing-left-small:1.92%;\" data-animationType=\"fadeInDown\" data-animationDuration=\"0.5\" data-animationOffset=\"top-into-view\"><div class=\"fusion-column-wrapper fusion-column-has-shadow fusion-flex-justify-content-flex-start fusion-content-layout-column\"><div class=\"fusion-title title fusion-title-2 fusion-sep-none fusion-title-text fusion-title-size-four\"><h4 class=\"fusion-title-heading title-heading-left fusion-responsive-typography-calculated\" style=\"margin:0;--fontSize:24;line-height:var(--awb-typography1-line-height);\">Nous impliquons les jeunes\u00a0:<\/h4><\/div><div class=\"fusion-text fusion-text-1\"><ul>\n<li>Salons de l\u2019emploi li\u00e9 sp\u00e9cifiquement aux jeunes<\/li>\n<li>Comp\u00e9titions artistiques<\/li>\n<li>Sensibilisation et soutien \u00e0 la sant\u00e9 mentale<\/li>\n<\/ul>\n<\/div><div class=\"fusion-title title fusion-title-3 fusion-sep-none fusion-title-text fusion-title-size-four\"><h4 class=\"fusion-title-heading title-heading-left fusion-responsive-typography-calculated\" style=\"margin:0;--fontSize:24;line-height:var(--awb-typography1-line-height);\">Vous trouverez des informations pertinentes dans chaque section :<\/h4><\/div><div class=\"fusion-text fusion-text-2\"><ul>\n<li><strong>Outils et astuces<\/strong> pour les ressources<\/li>\n<li><strong>\u00c0 propos de nous<\/strong> &#8211; Les Coordonnateurs Strat\u00e9giques qui travaillent dans vos \u00e9coles et les objectifs que nous visons avec les jeunes.<\/li>\n<li><strong>Des partenaires<\/strong> qui vous renseignent, diff\u00e9rents co\u00e9quipiers communautaires qui sont l\u00e0 pour vous<\/li>\n<li><strong>Contactez-nous<\/strong> : nous sommes l\u00e0 pour vous<\/li>\n<\/ul>\n<\/div><\/div><\/div><div class=\"fusion-layout-column fusion_builder_column fusion-builder-column-2 fusion_builder_column_1_2 1_2 fusion-flex-column fusion-flex-align-self-center fusion-animated\" style=\"--awb-bg-size:cover;--awb-width-large:50%;--awb-margin-top-large:0px;--awb-spacing-right-large:3.84%;--awb-margin-bottom-large:40px;--awb-spacing-left-large:3.84%;--awb-width-medium:100%;--awb-order-medium:0;--awb-spacing-right-medium:1.92%;--awb-spacing-left-medium:1.92%;--awb-width-small:100%;--awb-order-small:0;--awb-spacing-right-small:1.92%;--awb-spacing-left-small:1.92%;\" data-animationType=\"fadeInDown\" data-animationDuration=\"0.5\" data-animationOffset=\"top-into-view\"><div class=\"fusion-column-wrapper fusion-column-has-shadow fusion-flex-justify-content-flex-start fusion-content-layout-column\"><div class=\"fusion-image-element \" style=\"--awb-caption-title-font-family:var(--h2_typography-font-family);--awb-caption-title-font-weight:var(--h2_typography-font-weight);--awb-caption-title-font-style:var(--h2_typography-font-style);--awb-caption-title-size:var(--h2_typography-font-size);--awb-caption-title-transform:var(--h2_typography-text-transform);--awb-caption-title-line-height:var(--h2_typography-line-height);--awb-caption-title-letter-spacing:var(--h2_typography-letter-spacing);\"><span class=\" fusion-imageframe imageframe-none imageframe-2 hover-type-none\"><img decoding=\"async\" width=\"1200\" height=\"921\" alt=\"You Turns all in for youth\" title=\"You Turns all in for youth\" src=\"https:\/\/yt-p.ca\/wp-content\/uploads\/2023\/04\/1-033.png\" class=\"img-responsive wp-image-938\" srcset=\"https:\/\/yt-p.ca\/wp-content\/uploads\/2023\/04\/1-033-200x154.png 200w, https:\/\/yt-p.ca\/wp-content\/uploads\/2023\/04\/1-033-400x307.png 400w, https:\/\/yt-p.ca\/wp-content\/uploads\/2023\/04\/1-033-600x461.png 600w, https:\/\/yt-p.ca\/wp-content\/uploads\/2023\/04\/1-033-800x614.png 800w, https:\/\/yt-p.ca\/wp-content\/uploads\/2023\/04\/1-033.png 1200w\" sizes=\"(max-width: 640px) 100vw, 600px\" \/><\/span><\/div><\/div><\/div><\/div><\/div><div class=\"fusion-fullwidth fullwidth-box fusion-builder-row-2 fusion-flex-container has-pattern-background has-mask-background hundred-percent-fullwidth non-hundred-percent-height-scrolling\" style=\"--awb-border-radius-top-left:0px;--awb-border-radius-top-right:0px;--awb-border-radius-bottom-right:0px;--awb-border-radius-bottom-left:0px;--awb-padding-right:0px;--awb-padding-left:0px;--awb-flex-wrap:wrap;\" ><div class=\"fusion-builder-row fusion-row fusion-flex-align-items-flex-start fusion-flex-content-wrap\" style=\"width:104% !important;max-width:104% !important;margin-left: calc(-4% \/ 2 );margin-right: calc(-4% \/ 2 );\"><div class=\"fusion-layout-column fusion_builder_column fusion-builder-column-3 fusion_builder_column_1_1 1_1 fusion-flex-column\" style=\"--awb-bg-size:cover;--awb-width-large:100%;--awb-margin-top-large:0px;--awb-spacing-right-large:1.92%;--awb-margin-bottom-large:0px;--awb-spacing-left-large:1.92%;--awb-width-medium:100%;--awb-order-medium:0;--awb-spacing-right-medium:1.92%;--awb-spacing-left-medium:1.92%;--awb-width-small:100%;--awb-order-small:0;--awb-spacing-right-small:1.92%;--awb-spacing-left-small:1.92%;\"><div class=\"fusion-column-wrapper fusion-column-has-shadow fusion-flex-justify-content-flex-start fusion-content-layout-column\"><\/div><\/div><\/div><\/div><\/p>\n","protected":false},"excerpt":{"rendered":"","protected":false},"author":1,"featured_media":0,"parent":0,"menu_order":0,"comment_status":"closed","ping_status":"open","template":"100-width.php","meta":{"footnotes":""},"class_list":["post-855","page","type-page","status-publish","hentry"],"yoast_head":"<!-- This site is optimized with the Yoast SEO plugin v23.5 - https:\/\/yoast.com\/wordpress\/plugins\/seo\/ -->\n<title>piROUetTE - de tout coeur pour la jeunesse<\/title>\n<meta name=\"description\" content=\"Tu es un.e jeune qui cherche du soutien dans la vie en g\u00e9n\u00e9ral et\/ou \u00e0 l\u2019\u00e9cole? Tu es au bon endroit!\" \/>\n<meta name=\"robots\" content=\"index, follow, max-snippet:-1, max-image-preview:large, max-video-preview:-1\" \/>\n<link rel=\"canonical\" href=\"https:\/\/yt-p.ca\/fr\/\" \/>\n<meta property=\"og:locale\" content=\"fr_FR\" \/>\n<meta property=\"og:type\" content=\"article\" \/>\n<meta property=\"og:title\" content=\"piROUetTE - de tout coeur pour la jeunesse\" \/>\n<meta property=\"og:description\" content=\"Tu es un.e jeune qui cherche du soutien dans la vie en g\u00e9n\u00e9ral et\/ou \u00e0 l\u2019\u00e9cole? Tu es au bon endroit!\" \/>\n<meta property=\"og:url\" content=\"https:\/\/yt-p.ca\/fr\/\" \/>\n<meta property=\"og:site_name\" content=\"piROUetTE\" \/>\n<meta property=\"article:publisher\" content=\"https:\/\/www.facebook.com\/UnitedWayGMSENB\/\" \/>\n<meta property=\"article:modified_time\" content=\"2023-05-29T17:21:28+00:00\" \/>\n<meta property=\"og:image\" content=\"https:\/\/yt-p.ca\/wp-content\/uploads\/2023\/05\/piROUetTE-de-tout-coeur-pour-la-jeunesse.png\" \/>\n\t<meta property=\"og:image:width\" content=\"3600\" \/>\n\t<meta property=\"og:image:height\" content=\"3428\" \/>\n\t<meta property=\"og:image:type\" content=\"image\/png\" \/>\n<meta name=\"twitter:card\" content=\"summary_large_image\" \/>\n<meta name=\"twitter:title\" content=\"piROUetTE - de tout coeur pour la jeunesse\" \/>\n<meta name=\"twitter:description\" content=\"Tu es un.e jeune qui cherche du soutien dans la vie en g\u00e9n\u00e9ral et\/ou \u00e0 l\u2019\u00e9cole? Tu es au bon endroit!\" \/>\n<meta name=\"twitter:image\" content=\"https:\/\/yt-p.ca\/wp-content\/uploads\/2023\/05\/piROUetTE-de-tout-coeur-pour-la-jeunesse.png\" \/>\n<meta name=\"twitter:site\" content=\"@unitedwaygmsenb\" \/>\n<meta name=\"twitter:label1\" content=\"Dur\u00e9e de lecture estim\u00e9e\" \/>\n\t<meta name=\"twitter:data1\" content=\"7 minutes\" \/>\n<script type=\"application\/ld+json\" class=\"yoast-schema-graph\">{\"@context\":\"https:\/\/schema.org\",\"@graph\":[{\"@type\":\"WebPage\",\"@id\":\"https:\/\/yt-p.ca\/fr\/\",\"url\":\"https:\/\/yt-p.ca\/fr\/\",\"name\":\"piROUetTE - de tout coeur pour la jeunesse\",\"isPartOf\":{\"@id\":\"https:\/\/yt-p.ca\/#website\"},\"datePublished\":\"2022-10-05T17:02:36+00:00\",\"dateModified\":\"2023-05-29T17:21:28+00:00\",\"description\":\"Tu es un.e jeune qui cherche du soutien dans la vie en g\u00e9n\u00e9ral et\/ou \u00e0 l\u2019\u00e9cole? Tu es au bon endroit!\",\"breadcrumb\":{\"@id\":\"https:\/\/yt-p.ca\/fr\/#breadcrumb\"},\"inLanguage\":\"fr-FR\",\"potentialAction\":[{\"@type\":\"ReadAction\",\"target\":[\"https:\/\/yt-p.ca\/fr\/\"]}]},{\"@type\":\"BreadcrumbList\",\"@id\":\"https:\/\/yt-p.ca\/fr\/#breadcrumb\",\"itemListElement\":[{\"@type\":\"ListItem\",\"position\":1,\"name\":\"Home\",\"item\":\"https:\/\/yt-p.ca\/fr\/\"},{\"@type\":\"ListItem\",\"position\":2,\"name\":\"Page d\u2019accueil\"}]},{\"@type\":\"WebSite\",\"@id\":\"https:\/\/yt-p.ca\/#website\",\"url\":\"https:\/\/yt-p.ca\/\",\"name\":\"piROUetTE\",\"description\":\"de tout coeur pour la jeunesse\",\"publisher\":{\"@id\":\"https:\/\/yt-p.ca\/#organization\"},\"potentialAction\":[{\"@type\":\"SearchAction\",\"target\":{\"@type\":\"EntryPoint\",\"urlTemplate\":\"https:\/\/yt-p.ca\/?s={search_term_string}\"},\"query-input\":{\"@type\":\"PropertyValueSpecification\",\"valueRequired\":true,\"valueName\":\"search_term_string\"}}],\"inLanguage\":\"fr-FR\"},{\"@type\":\"Organization\",\"@id\":\"https:\/\/yt-p.ca\/#organization\",\"name\":\"piROUetTE\",\"url\":\"https:\/\/yt-p.ca\/\",\"logo\":{\"@type\":\"ImageObject\",\"inLanguage\":\"fr-FR\",\"@id\":\"https:\/\/yt-p.ca\/#\/schema\/logo\/image\/\",\"url\":\"https:\/\/yt-p.ca\/wp-content\/uploads\/2022\/10\/logo1.png\",\"contentUrl\":\"https:\/\/yt-p.ca\/wp-content\/uploads\/2022\/10\/logo1.png\",\"width\":512,\"height\":252,\"caption\":\"piROUetTE\"},\"image\":{\"@id\":\"https:\/\/yt-p.ca\/#\/schema\/logo\/image\/\"},\"sameAs\":[\"https:\/\/www.facebook.com\/UnitedWayGMSENB\/\",\"https:\/\/x.com\/unitedwaygmsenb\",\"https:\/\/www.instagram.com\/unitedwaygmsenb\/\",\"https:\/\/www.linkedin.com\/company\/unitedwaygmsenb\/\"]}]}<\/script>\n<!-- \/ Yoast SEO plugin. -->","yoast_head_json":{"title":"piROUetTE - de tout coeur pour la jeunesse","description":"Tu es un.e jeune qui cherche du soutien dans la vie en g\u00e9n\u00e9ral et\/ou \u00e0 l\u2019\u00e9cole? Tu es au bon endroit!","robots":{"index":"index","follow":"follow","max-snippet":"max-snippet:-1","max-image-preview":"max-image-preview:large","max-video-preview":"max-video-preview:-1"},"canonical":"https:\/\/yt-p.ca\/fr\/","og_locale":"fr_FR","og_type":"article","og_title":"piROUetTE - de tout coeur pour la jeunesse","og_description":"Tu es un.e jeune qui cherche du soutien dans la vie en g\u00e9n\u00e9ral et\/ou \u00e0 l\u2019\u00e9cole? Tu es au bon endroit!","og_url":"https:\/\/yt-p.ca\/fr\/","og_site_name":"piROUetTE","article_publisher":"https:\/\/www.facebook.com\/UnitedWayGMSENB\/","article_modified_time":"2023-05-29T17:21:28+00:00","og_image":[{"width":3600,"height":3428,"url":"https:\/\/yt-p.ca\/wp-content\/uploads\/2023\/05\/piROUetTE-de-tout-coeur-pour-la-jeunesse.png","type":"image\/png"}],"twitter_card":"summary_large_image","twitter_title":"piROUetTE - de tout coeur pour la jeunesse","twitter_description":"Tu es un.e jeune qui cherche du soutien dans la vie en g\u00e9n\u00e9ral et\/ou \u00e0 l\u2019\u00e9cole? Tu es au bon endroit!","twitter_image":"https:\/\/yt-p.ca\/wp-content\/uploads\/2023\/05\/piROUetTE-de-tout-coeur-pour-la-jeunesse.png","twitter_site":"@unitedwaygmsenb","twitter_misc":{"Dur\u00e9e de lecture estim\u00e9e":"7 minutes"},"schema":{"@context":"https:\/\/schema.org","@graph":[{"@type":"WebPage","@id":"https:\/\/yt-p.ca\/fr\/","url":"https:\/\/yt-p.ca\/fr\/","name":"piROUetTE - de tout coeur pour la jeunesse","isPartOf":{"@id":"https:\/\/yt-p.ca\/#website"},"datePublished":"2022-10-05T17:02:36+00:00","dateModified":"2023-05-29T17:21:28+00:00","description":"Tu es un.e jeune qui cherche du soutien dans la vie en g\u00e9n\u00e9ral et\/ou \u00e0 l\u2019\u00e9cole? Tu es au bon endroit!","breadcrumb":{"@id":"https:\/\/yt-p.ca\/fr\/#breadcrumb"},"inLanguage":"fr-FR","potentialAction":[{"@type":"ReadAction","target":["https:\/\/yt-p.ca\/fr\/"]}]},{"@type":"BreadcrumbList","@id":"https:\/\/yt-p.ca\/fr\/#breadcrumb","itemListElement":[{"@type":"ListItem","position":1,"name":"Home","item":"https:\/\/yt-p.ca\/fr\/"},{"@type":"ListItem","position":2,"name":"Page d\u2019accueil"}]},{"@type":"WebSite","@id":"https:\/\/yt-p.ca\/#website","url":"https:\/\/yt-p.ca\/","name":"piROUetTE","description":"de tout coeur pour la jeunesse","publisher":{"@id":"https:\/\/yt-p.ca\/#organization"},"potentialAction":[{"@type":"SearchAction","target":{"@type":"EntryPoint","urlTemplate":"https:\/\/yt-p.ca\/?s={search_term_string}"},"query-input":{"@type":"PropertyValueSpecification","valueRequired":true,"valueName":"search_term_string"}}],"inLanguage":"fr-FR"},{"@type":"Organization","@id":"https:\/\/yt-p.ca\/#organization","name":"piROUetTE","url":"https:\/\/yt-p.ca\/","logo":{"@type":"ImageObject","inLanguage":"fr-FR","@id":"https:\/\/yt-p.ca\/#\/schema\/logo\/image\/","url":"https:\/\/yt-p.ca\/wp-content\/uploads\/2022\/10\/logo1.png","contentUrl":"https:\/\/yt-p.ca\/wp-content\/uploads\/2022\/10\/logo1.png","width":512,"height":252,"caption":"piROUetTE"},"image":{"@id":"https:\/\/yt-p.ca\/#\/schema\/logo\/image\/"},"sameAs":["https:\/\/www.facebook.com\/UnitedWayGMSENB\/","https:\/\/x.com\/unitedwaygmsenb","https:\/\/www.instagram.com\/unitedwaygmsenb\/","https:\/\/www.linkedin.com\/company\/unitedwaygmsenb\/"]}]}},"_links":{"self":[{"href":"https:\/\/yt-p.ca\/fr\/wp-json\/wp\/v2\/pages\/855","targetHints":{"allow":["GET"]}}],"collection":[{"href":"https:\/\/yt-p.ca\/fr\/wp-json\/wp\/v2\/pages"}],"about":[{"href":"https:\/\/yt-p.ca\/fr\/wp-json\/wp\/v2\/types\/page"}],"author":[{"embeddable":true,"href":"https:\/\/yt-p.ca\/fr\/wp-json\/wp\/v2\/users\/1"}],"replies":[{"embeddable":true,"href":"https:\/\/yt-p.ca\/fr\/wp-json\/wp\/v2\/comments?post=855"}],"version-history":[{"count":13,"href":"https:\/\/yt-p.ca\/fr\/wp-json\/wp\/v2\/pages\/855\/revisions"}],"predecessor-version":[{"id":1015,"href":"https:\/\/yt-p.ca\/fr\/wp-json\/wp\/v2\/pages\/855\/revisions\/1015"}],"wp:attachment":[{"href":"https:\/\/yt-p.ca\/fr\/wp-json\/wp\/v2\/media?parent=855"}],"curies":[{"name":"wp","href":"https:\/\/api.w.org\/{rel}","templated":true}]}}